{"id":673,"date":"2022-04-25T02:23:01","date_gmt":"2022-04-25T02:23:01","guid":{"rendered":"https:\/\/architect.oceanwp.org\/?page_id=673"},"modified":"2025-09-15T18:22:08","modified_gmt":"2025-09-15T18:22:08","slug":"preise","status":"publish","type":"page","link":"https:\/\/www.platthof.at\/en\/preise\/","title":{"rendered":"Prices winter"},"content":{"rendered":"<div data-elementor-type=\"wp-page\" data-elementor-id=\"673\" class=\"elementor elementor-673\">\n\t\t\t\t\t\t<section class=\"elementor-section elementor-top-section elementor-element elementor-element-c7bde32 elementor-section-height-min-height elementor-section-boxed elementor-section-height-default elementor-section-items-middle\" data-id=\"c7bde32\" data-element_type=\"section\" data-settings=\"{&quot;background_background&quot;:&quot;classic&quot;}\">\n\t\t\t\t\t\t<div class=\"elementor-container elementor-column-gap-default\">\n\t\t\t\t\t<div class=\"elementor-column elementor-col-100 elementor-top-column elementor-element elementor-element-8ca406c\" data-id=\"8ca406c\" data-element_type=\"column\">\n\t\t\t<div class=\"elementor-widget-wrap elementor-element-populated\">\n\t\t\t\t\t\t<div class=\"elementor-element elementor-element-fb64808 elementor-widget-divider--view-line elementor-widget elementor-widget-divider\" data-id=\"fb64808\" data-element_type=\"widget\" data-widget_type=\"divider.default\">\n\t\t\t\t<div class=\"elementor-widget-container\">\n\t\t\t\t\t\t\t<div class=\"elementor-divider\">\n\t\t\t<span class=\"elementor-divider-separator\">\n\t\t\t\t\t\t<\/span>\n\t\t<\/div>\n\t\t\t\t\t\t<\/div>\n\t\t\t\t<\/div>\n\t\t\t\t<div class=\"elementor-element elementor-element-5c316fb elementor-widget elementor-widget-heading\" data-id=\"5c316fb\" data-element_type=\"widget\" data-widget_type=\"heading.default\">\n\t\t\t\t<div class=\"elementor-widget-container\">\n\t\t\t\t\t<h1 class=\"elementor-heading-title elementor-size-default\">Prices<\/h1>\t\t\t\t<\/div>\n\t\t\t\t<\/div>\n\t\t\t\t\t<\/div>\n\t\t<\/div>\n\t\t\t\t\t<\/div>\n\t\t<\/section>\n\t\t\t\t<section class=\"elementor-section elementor-top-section elementor-element elementor-element-fcd0577 elementor-section-boxed elementor-section-height-default elementor-section-height-default\" data-id=\"fcd0577\" data-element_type=\"section\">\n\t\t\t\t\t\t<div class=\"elementor-container elementor-column-gap-default\">\n\t\t\t\t\t<div class=\"elementor-column elementor-col-100 elementor-top-column elementor-element elementor-element-8607707\" data-id=\"8607707\" data-element_type=\"column\">\n\t\t\t<div class=\"elementor-widget-wrap elementor-element-populated\">\n\t\t\t\t\t\t<div class=\"elementor-element elementor-element-6ba3fe0 elementor-widget-divider--view-line elementor-widget elementor-widget-divider\" data-id=\"6ba3fe0\" data-element_type=\"widget\" data-widget_type=\"divider.default\">\n\t\t\t\t<div class=\"elementor-widget-container\">\n\t\t\t\t\t\t\t<div class=\"elementor-divider\">\n\t\t\t<span class=\"elementor-divider-separator\">\n\t\t\t\t\t\t<\/span>\n\t\t<\/div>\n\t\t\t\t\t\t<\/div>\n\t\t\t\t<\/div>\n\t\t\t\t<div class=\"elementor-element elementor-element-e30a72e elementor-widget elementor-widget-heading\" data-id=\"e30a72e\" data-element_type=\"widget\" data-widget_type=\"heading.default\">\n\t\t\t\t<div class=\"elementor-widget-container\">\n\t\t\t\t\t<h2 class=\"elementor-heading-title elementor-size-default\">Winter 2025\/26<\/h2>\t\t\t\t<\/div>\n\t\t\t\t<\/div>\n\t\t\t\t\t<\/div>\n\t\t<\/div>\n\t\t\t\t\t<\/div>\n\t\t<\/section>\n\t\t\t\t<section class=\"elementor-section elementor-top-section elementor-element elementor-element-de34415 elementor-section-boxed elementor-section-height-default elementor-section-height-default\" data-id=\"de34415\" data-element_type=\"section\" data-settings=\"{&quot;background_background&quot;:&quot;classic&quot;}\">\n\t\t\t\t\t\t<div class=\"elementor-container elementor-column-gap-default\">\n\t\t\t\t\t<div class=\"elementor-column elementor-col-50 elementor-top-column elementor-element elementor-element-e6fa1fc\" data-id=\"e6fa1fc\" data-element_type=\"column\">\n\t\t\t<div class=\"elementor-widget-wrap elementor-element-populated\">\n\t\t\t\t\t\t<div class=\"elementor-element elementor-element-0d8f214 elementor-widget elementor-widget-heading\" data-id=\"0d8f214\" data-element_type=\"widget\" data-widget_type=\"heading.default\">\n\t\t\t\t<div class=\"elementor-widget-container\">\n\t\t\t\t\t<h2 class=\"elementor-heading-title elementor-size-default\">Spruce room<\/h2>\t\t\t\t<\/div>\n\t\t\t\t<\/div>\n\t\t\t\t<div class=\"elementor-element elementor-element-ac3d348 elementor-widget elementor-widget-html\" data-id=\"ac3d348\" data-element_type=\"widget\" data-widget_type=\"html.default\">\n\t\t\t\t<div class=\"elementor-widget-container\">\n\t\t\t\t\t<table style=\"color:white; font\" >\r\n  <tr>\r\n      <th><\/th>\r\n    \r\n    <th>15.11.2025 - 19.12.2025 <br>\r\n    07.01.2026 - 30.01.2026 <\/th>\r\n    <th>20.12.2025 - 06.01.2026 <br>\r\n        31.01.2026 - 06.04.2026<\/th>\r\n    \r\n  <\/tr>\r\n  <tr>\r\n   <td>2 persons\r\n    <\/td>\r\n    <td>55 \u20ac<\/td>\r\n    <td>57 \u20ac<\/td>\r\n  <\/tr>\r\n  <tr>\r\n    <td>3 persons<\/td>\r\n    <td>50 \u20ac<\/td>\r\n    <td>52 \u20ac<\/td>\r\n<\/table>\t\t\t\t<\/div>\n\t\t\t\t<\/div>\n\t\t\t\t<div class=\"elementor-element elementor-element-fca4206 elementor-hidden-desktop elementor-widget elementor-widget-heading\" data-id=\"fca4206\" data-element_type=\"widget\" data-widget_type=\"heading.default\">\n\t\t\t\t<div class=\"elementor-widget-container\">\n\t\t\t\t\t<h2 class=\"elementor-heading-title elementor-size-default\">Larch room<\/h2>\t\t\t\t<\/div>\n\t\t\t\t<\/div>\n\t\t\t\t<div class=\"elementor-element elementor-element-12cda15 elementor-hidden-desktop elementor-widget elementor-widget-html\" data-id=\"12cda15\" data-element_type=\"widget\" data-widget_type=\"html.default\">\n\t\t\t\t<div class=\"elementor-widget-container\">\n\t\t\t\t\t<table style=\"color:white\">\r\n  <tr>\r\n      <th><\/th>\r\n    \r\n    <th>15.11.2025 - 19.12.2025 <br>\r\n    07.01.2026 - 30.01.2026 <\/th>\r\n    <th>20.12.2025 - 06.01.2026 <br>\r\n        31.01.2026 - 06.04.2026<\/th>\r\n    \r\n  <\/tr>\r\n  <tr>\r\n   <td>2 persons\r\n    <\/td>\r\n    <td>55 \u20ac<\/td>\r\n    <td>57 \u20ac<\/td>\r\n  <\/tr>\r\n  <tr>\r\n    <td>3 persons<\/td>\r\n    <td>50 \u20ac<\/td>\r\n    <td>52 \u20ac<\/td>\r\n<\/table>\t\t\t\t<\/div>\n\t\t\t\t<\/div>\n\t\t\t\t<div class=\"elementor-element elementor-element-9e1d298 elementor-hidden-desktop elementor-widget elementor-widget-heading\" data-id=\"9e1d298\" data-element_type=\"widget\" data-widget_type=\"heading.default\">\n\t\t\t\t<div class=\"elementor-widget-container\">\n\t\t\t\t\t<h2 class=\"elementor-heading-title elementor-size-default\">Pine room<\/h2>\t\t\t\t<\/div>\n\t\t\t\t<\/div>\n\t\t\t\t<div class=\"elementor-element elementor-element-1972ca9 elementor-hidden-desktop elementor-widget elementor-widget-html\" data-id=\"1972ca9\" data-element_type=\"widget\" data-widget_type=\"html.default\">\n\t\t\t\t<div class=\"elementor-widget-container\">\n\t\t\t\t\t<table style=\"color:white\">\r\n  <tr>\r\n      <th><\/th>\r\n    \r\n    <th>15.11.2025 - 19.12.2025 <br>\r\n    07.01.2026 - 30.01.2026 <\/th>\r\n    <th>20.12.2025 - 06.01.2026 <br>\r\n        31.01.2026 - 06.04.2026<\/th>\r\n    \r\n  <\/tr>\r\n  <tr>\r\n     <td>2 persons\r\n    <\/td>\r\n    <td>54 \u20ac<\/td>\r\n    <td>54 \u20ac<\/td>\r\n  <\/tr>\r\n  <tr>\r\n    <td>3 persons<\/td>\r\n    <td>48 \u20ac<\/td>\r\n    <td>50 \u20ac<\/td>\r\n<\/table>\t\t\t\t<\/div>\n\t\t\t\t<\/div>\n\t\t\t\t<div class=\"elementor-element elementor-element-53fcaf2 elementor-widget elementor-widget-html\" data-id=\"53fcaf2\" data-element_type=\"widget\" data-widget_type=\"html.default\">\n\t\t\t\t<div class=\"elementor-widget-container\">\n\t\t\t\t\t<table style=\"color:white\">\r\n  <tr>\r\n      <th>Kids<\/th>\r\n    \r\n    <th><\/th>\r\n\r\n    \r\n  <\/tr>\r\n  <tr>\r\n    <td>0-3 years\r\n    <\/td>\r\n    <td>10 \u20ac<\/td>\r\n\r\n  <\/tr>\r\n  <tr>\r\n    <td>4-5 years<\/td>\r\n    <td>25 \u20ac<\/td>\r\n\r\n    <\/tr>\r\n    <tr>\r\n    <td>6-14 years<\/td>\r\n    <td>35 \u20ac<\/td>\r\n\r\n    <\/tr>\r\n<\/table>\t\t\t\t<\/div>\n\t\t\t\t<\/div>\n\t\t\t\t<div class=\"elementor-element elementor-element-b04faa2 elementor-widget elementor-widget-text-editor\" data-id=\"b04faa2\" data-element_type=\"widget\" data-widget_type=\"text-editor.default\">\n\t\t\t\t<div class=\"elementor-widget-container\">\n\t\t\t\t\t\t\t\t\t<p><b>*Die Ortstaxe von \u20ac5,00&nbsp; pro Person und Nacht ist im angef\u00fchrten Preis <em>not included<\/em> in the given prices<br><\/b><\/p>\n<p>F\u00fcr Kurzaufenthalte bis zu 3 N\u00e4chte k\u00f6nnen Zuschl\u00e4ge anfallen<\/p>\n<p>(Prices without guarantee)<\/p>\t\t\t\t\t\t\t\t<\/div>\n\t\t\t\t<\/div>\n\t\t\t\t\t<\/div>\n\t\t<\/div>\n\t\t\t\t<div class=\"elementor-column elementor-col-50 elementor-top-column elementor-element elementor-element-67dae3f\" data-id=\"67dae3f\" data-element_type=\"column\">\n\t\t\t<div class=\"elementor-widget-wrap elementor-element-populated\">\n\t\t\t\t\t\t<div class=\"elementor-element elementor-element-3ecce2c elementor-hidden-tablet elementor-hidden-mobile elementor-widget elementor-widget-heading\" data-id=\"3ecce2c\" data-element_type=\"widget\" data-widget_type=\"heading.default\">\n\t\t\t\t<div class=\"elementor-widget-container\">\n\t\t\t\t\t<h2 class=\"elementor-heading-title elementor-size-default\">Larch room<\/h2>\t\t\t\t<\/div>\n\t\t\t\t<\/div>\n\t\t\t\t<div class=\"elementor-element elementor-element-78640c4 elementor-hidden-tablet elementor-hidden-mobile elementor-widget elementor-widget-html\" data-id=\"78640c4\" data-element_type=\"widget\" data-widget_type=\"html.default\">\n\t\t\t\t<div class=\"elementor-widget-container\">\n\t\t\t\t\t<table style=\"color:white\">\r\n  <tr>\r\n      <th><\/th>\r\n    \r\n   <th>15.11.2025 - 19.12.2025 <br>\r\n    07.01.2026 - 30.01.2026 <\/th>\r\n    <th>20.12.2025 - 06.01.2026 <br>\r\n        31.01.2026 - 06.04.2026<\/th>\r\n    \r\n  <\/tr>\r\n  <tr>\r\n   <td>2 persons\r\n    <\/td>\r\n    <td>55 \u20ac<\/td>\r\n    <td>57 \u20ac<\/td>\r\n  <\/tr>\r\n  <tr>\r\n    <td>3 persons<\/td>\r\n    <td>50 \u20ac<\/td>\r\n    <td>52 \u20ac<\/td>\r\n<\/table>\t\t\t\t<\/div>\n\t\t\t\t<\/div>\n\t\t\t\t<div class=\"elementor-element elementor-element-eb3ef55 elementor-hidden-tablet elementor-hidden-mobile elementor-widget elementor-widget-heading\" data-id=\"eb3ef55\" data-element_type=\"widget\" data-widget_type=\"heading.default\">\n\t\t\t\t<div class=\"elementor-widget-container\">\n\t\t\t\t\t<h2 class=\"elementor-heading-title elementor-size-default\">Pine room<\/h2>\t\t\t\t<\/div>\n\t\t\t\t<\/div>\n\t\t\t\t<div class=\"elementor-element elementor-element-f94d54d elementor-hidden-tablet elementor-hidden-mobile elementor-widget elementor-widget-html\" data-id=\"f94d54d\" data-element_type=\"widget\" data-widget_type=\"html.default\">\n\t\t\t\t<div class=\"elementor-widget-container\">\n\t\t\t\t\t<table style=\"color:white\">\r\n  <tr>\r\n      <th><\/th>\r\n    \r\n <th>15.11.2025 - 19.12.2025 <br>\r\n    07.01.2026 - 30.01.2026 <\/th>\r\n    <th>20.12.2025 - 06.01.2026 <br>\r\n        31.01.2026 - 06.04.2026<\/th>\r\n    \r\n  <\/tr>\r\n  <tr>\r\n    <td>2 persons\r\n    <\/td>\r\n    <td>52 \u20ac<\/td>\r\n    <td>54 \u20ac<\/td>\r\n  <\/tr>\r\n  <tr>\r\n    <td>3 persons<\/td>\r\n    <td>48 \u20ac<\/td>\r\n    <td>50 \u20ac<\/td>\r\n<\/table>\t\t\t\t<\/div>\n\t\t\t\t<\/div>\n\t\t\t\t\t<\/div>\n\t\t<\/div>\n\t\t\t\t\t<\/div>\n\t\t<\/section>\n\t\t\t\t<section class=\"elementor-section elementor-top-section elementor-element elementor-element-15c7bde elementor-section-boxed elementor-section-height-default elementor-section-height-default\" data-id=\"15c7bde\" data-element_type=\"section\">\n\t\t\t\t\t\t<div class=\"elementor-container elementor-column-gap-default\">\n\t\t\t\t\t<div class=\"elementor-column elementor-col-100 elementor-top-column elementor-element elementor-element-0822610\" data-id=\"0822610\" data-element_type=\"column\">\n\t\t\t<div class=\"elementor-widget-wrap elementor-element-populated\">\n\t\t\t\t\t\t<div class=\"elementor-element elementor-element-86a23ab elementor-widget elementor-widget-text-editor\" data-id=\"86a23ab\" data-element_type=\"widget\" data-widget_type=\"text-editor.default\">\n\t\t\t\t<div class=\"elementor-widget-container\">\n\t\t\t\t\t\t\t\t\t<p><strong>Booking info<\/strong><\/p><p>The price always includes room and <span style=\"color: #008000;\"><span style=\"color: #008000;\"><a style=\"color: #008000;\" href=\"https:\/\/www.platthof.at\/en\/unterkunft\/\">Breakfast<\/a>\u00a0<\/span><\/span>. The breakfast buffet is open for you daily from 7:30 to 9:30.<\/p><p><strong>Arrival:<\/strong><br \/>Please plan for the rooms to be available from 3pm.<\/p><p><strong>Departure:<\/strong><br \/>We kindly ask you to vacate your room by 10 am.<\/p><p><b>Non-smoking room:<\/b><br \/>All our rooms are non-smoking.<\/p><p><b>Pets:<\/b><br \/>For dogs we charge an additional fee of 15\u20ac per night.<\/p><p>We accept <strong>no<\/strong> Credit and debit cards, only cash payment possible.<\/p>\t\t\t\t\t\t\t\t<\/div>\n\t\t\t\t<\/div>\n\t\t\t\t\t<\/div>\n\t\t<\/div>\n\t\t\t\t\t<\/div>\n\t\t<\/section>\n\t\t\t\t<\/div>","protected":false},"excerpt":{"rendered":"<p>Preise Winter 2025\/26 Fichtenzimmer 15.11.2025 &#8211; 19.12.2025 07.01.2026 &#8211; 30.01.2026 20.12.2025 &#8211; 06.01.2026 31.01.2026 &#8211; 06.04.2026 2 Personen 55 \u20ac 57 \u20ac 3 Personen 50 \u20ac 52 \u20ac L\u00e4rchenzimmer 15.11.2025 &#8211; 19.12.2025 07.01.2026 &#8211; 30.01.2026 20.12.2025 &#8211; 06.01.2026 31.01.2026 &#8211; 06.04.2026 2 Personen 55 \u20ac 57 \u20ac 3 Personen 50 \u20ac 52 \u20ac Zirbenzimmer 15.11.2025 [&hellip;]<\/p>","protected":false},"author":1,"featured_media":0,"parent":0,"menu_order":0,"comment_status":"closed","ping_status":"closed","template":"","meta":{"om_disable_all_campaigns":false,"_monsterinsights_skip_tracking":false,"_monsterinsights_sitenote_active":false,"_monsterinsights_sitenote_note":"","_monsterinsights_sitenote_category":0,"ocean_post_layout":"full-screen","ocean_both_sidebars_style":"","ocean_both_sidebars_content_width":0,"ocean_both_sidebars_sidebars_width":0,"ocean_sidebar":"0","ocean_second_sidebar":"0","ocean_disable_margins":"on","ocean_add_body_class":"","ocean_shortcode_before_top_bar":"","ocean_shortcode_after_top_bar":"","ocean_shortcode_before_header":"","ocean_shortcode_after_header":"","ocean_has_shortcode":"","ocean_shortcode_after_title":"","ocean_shortcode_before_footer_widgets":"","ocean_shortcode_after_footer_widgets":"","ocean_shortcode_before_footer_bottom":"","ocean_shortcode_after_footer_bottom":"","ocean_display_top_bar":"default","ocean_display_header":"default","ocean_header_style":"transparent","ocean_center_header_left_menu":"0","ocean_custom_header_template":"0","ocean_custom_logo":0,"ocean_custom_retina_logo":0,"ocean_custom_logo_max_width":0,"ocean_custom_logo_tablet_max_width":0,"ocean_custom_logo_mobile_max_width":0,"ocean_custom_logo_max_height":0,"ocean_custom_logo_tablet_max_height":0,"ocean_custom_logo_mobile_max_height":0,"ocean_header_custom_menu":"0","ocean_menu_typo_font_family":"0","ocean_menu_typo_font_subset":"","ocean_menu_typo_font_size":0,"ocean_menu_typo_font_size_tablet":0,"ocean_menu_typo_font_size_mobile":0,"ocean_menu_typo_font_size_unit":"px","ocean_menu_typo_font_weight":"","ocean_menu_typo_font_weight_tablet":"","ocean_menu_typo_font_weight_mobile":"","ocean_menu_typo_transform":"","ocean_menu_typo_transform_tablet":"","ocean_menu_typo_transform_mobile":"","ocean_menu_typo_line_height":0,"ocean_menu_typo_line_height_tablet":0,"ocean_menu_typo_line_height_mobile":0,"ocean_menu_typo_line_height_unit":"","ocean_menu_typo_spacing":0,"ocean_menu_typo_spacing_tablet":0,"ocean_menu_typo_spacing_mobile":0,"ocean_menu_typo_spacing_unit":"","ocean_menu_link_color":"#ffffff","ocean_menu_link_color_hover":"#6e8fef","ocean_menu_link_color_active":"#ffffff","ocean_menu_link_background":"","ocean_menu_link_hover_background":"","ocean_menu_link_active_background":"","ocean_menu_social_links_bg":"","ocean_menu_social_hover_links_bg":"","ocean_menu_social_links_color":"#ffffff","ocean_menu_social_hover_links_color":"#6e8fef","ocean_disable_title":"on","ocean_disable_heading":"default","ocean_post_title":"","ocean_post_subheading":"","ocean_post_title_style":"","ocean_post_title_background_color":"","ocean_post_title_background":0,"ocean_post_title_bg_image_position":"","ocean_post_title_bg_image_attachment":"","ocean_post_title_bg_image_repeat":"","ocean_post_title_bg_image_size":"","ocean_post_title_height":0,"ocean_post_title_bg_overlay":0.5,"ocean_post_title_bg_overlay_color":"","ocean_disable_breadcrumbs":"off","ocean_breadcrumbs_color":"","ocean_breadcrumbs_separator_color":"","ocean_breadcrumbs_links_color":"","ocean_breadcrumbs_links_hover_color":"","ocean_display_footer_widgets":"default","ocean_display_footer_bottom":"default","ocean_custom_footer_template":"0","footnotes":""},"class_list":["post-673","page","type-page","status-publish","hentry","entry"],"aioseo_notices":[],"_links":{"self":[{"href":"https:\/\/www.platthof.at\/en\/wp-json\/wp\/v2\/pages\/673","targetHints":{"allow":["GET"]}}],"collection":[{"href":"https:\/\/www.platthof.at\/en\/wp-json\/wp\/v2\/pages"}],"about":[{"href":"https:\/\/www.platthof.at\/en\/wp-json\/wp\/v2\/types\/page"}],"author":[{"embeddable":true,"href":"https:\/\/www.platthof.at\/en\/wp-json\/wp\/v2\/users\/1"}],"replies":[{"embeddable":true,"href":"https:\/\/www.platthof.at\/en\/wp-json\/wp\/v2\/comments?post=673"}],"version-history":[{"count":125,"href":"https:\/\/www.platthof.at\/en\/wp-json\/wp\/v2\/pages\/673\/revisions"}],"predecessor-version":[{"id":1610,"href":"https:\/\/www.platthof.at\/en\/wp-json\/wp\/v2\/pages\/673\/revisions\/1610"}],"wp:attachment":[{"href":"https:\/\/www.platthof.at\/en\/wp-json\/wp\/v2\/media?parent=673"}],"curies":[{"name":"wp","href":"https:\/\/api.w.org\/{rel}","templated":true}]}}